{"id":4856,"date":"2021-05-04T08:55:53","date_gmt":"2021-05-04T06:55:53","guid":{"rendered":"https:\/\/www.twenty-campus.com\/?page_id=4856"},"modified":"2024-03-07T11:14:10","modified_gmt":"2024-03-07T10:14:10","slug":"pricing","status":"publish","type":"page","link":"https:\/\/tc-wordpress.itroom.fr\/en\/pricing\/","title":{"rendered":"Tarifications"},"content":{"rendered":"<section class=\"tarifs__main layout__main storyblok__outline\" data-blok-c=\"{&quot;name&quot;:&quot;cgu_cgv&quot;,&quot;space&quot;:&quot;54216&quot;,&quot;uid&quot;:&quot;0a6f8864-87d4-4681-b5ab-bb869adb1bcb&quot;,&quot;id&quot;:&quot;2234472&quot;}\" data-blok-uid=\"2234472-0a6f8864-87d4-4681-b5ab-bb869adb1bcb\">\n<div class=\"tarifs__markdown\">\n<h4>TARIFICATIONS DE NOS LOGEMENTS :<\/h4>\n<\/div>\n<\/section>\n<p>&nbsp;<\/p>\n<h4>TARIFICATIONS D&#8217;HONORAIRES :<\/h4>\n<section class=\"tarifs__main layout__main storyblok__outline\" data-blok-c=\"{&quot;name&quot;:&quot;cgu_cgv&quot;,&quot;space&quot;:&quot;54216&quot;,&quot;uid&quot;:&quot;0a6f8864-87d4-4681-b5ab-bb869adb1bcb&quot;,&quot;id&quot;:&quot;2234472&quot;}\" data-blok-uid=\"2234472-0a6f8864-87d4-4681-b5ab-bb869adb1bcb\">\n<div class=\"tarifs__markdown\">\n<p>Twenty Campus applique la l\u00e9gislation en vigueur quant aux honoraires de location pour les frais de dossier et l&#8217;\u00e9tat des lieux, respectant le prix au m\u00b2 selon la zone g\u00e9ographique dans laquelle est situ\u00e9e le bien en location.<\/p>\n<p><em>Honoraires de location (Loi Alur) :\u00a0<\/em><\/p>\n<\/div>\n<ul class=\"grosse-liste\">\n<li><strong>Zone tr\u00e8s tendue : <\/strong>le locataire devra s&#8217;acquitter d&#8217;honoraires d&#8217;un montant de 12 \u20ac\/m\u00b2 de surface habitable du logement \u00e0 louer.<br \/>\nEst consid\u00e9r\u00e9e comme une zone tr\u00e8s tendue, la zone g\u00e9ographique qui correspond aux territoires des communes comprises dans la zone A\u00a0<i>bis.<\/i>\u00a0Cette zone comprend Paris et 68 communes limitrophes dont vous pouvez retrouver la liste dans l&#8217;<a href=\"http:\/\/www.legifrance.gouv.fr\/affichTexte.do;jsessionid=393C68C1A67489939D4C3573C488090C.tpdjo07v_2?cidTexte=JORFTEXT000023274187&amp;dateTexte=29990101\">arr\u00eat\u00e9 du 22 d\u00e9cembre 2010<\/a>.<\/li>\n<li><strong>Zone tendue<\/strong> le locataire devra s&#8217;acquitter d&#8217;honoraires d&#8217;un montant de 10 \u20ac\/m\u00b2 de surface habitable du logement \u00e0 louer.<br \/>\nLa zone tendue correspond aux territoires des communes dont la liste est annex\u00e9e au\u00a0<a href=\"http:\/\/www.legifrance.gouv.fr\/affichTexte.do?cidTexte=JORFTEXT000027399823&amp;dateTexte=&amp;categorieLien=id\">d\u00e9cret n\u00b02013-392 du 10 mai 2013<\/a>.<\/li>\n<li><strong>Pour le reste du territoire<\/strong>, c&#8217;est-\u00e0-dire en dehors des zones tendues et tr\u00e8s tendues, le locataire devra s&#8217;acquitter de frais correspondant \u00e0 8 \u20ac\/m\u00b2 de surface habitable du logement \u00e0 louer pour les prestations de visite, constitution du dossier et r\u00e9daction du bail.<\/li>\n<\/ul>\n<p><em>Honoraires d&#8217;\u00e9tat des lieux :\u00a0<\/em><\/p>\n<div class=\"tarifs__markdown\">\n<p>Pour l&#8217;\u00e9tablissement d&#8217;un \u00e9tat des lieux d&#8217;entr\u00e9e par un professionnel, aucune diff\u00e9renciation g\u00e9ographique n&#8217;est faite. Le montant appliqu\u00e9 est de 3 \u20ac\/m\u00b2 de surface habitable du logement soumis \u00e0 la location.<\/p>\n<p><em>En r\u00e9sum\u00e9 :\u00a0<\/em><\/p>\n<p>Le client locataire se verra facturer les sommes maximales suivantes (honoraires de location et \u00e9tat des lieux) selon la zone concern\u00e9e :<\/p>\n<ul class=\"petite-liste\">\n<li>15 \u20ac\/m\u00b2 de surface habitable en zone tr\u00e8s tendue,<\/li>\n<li>13 \u20ac\/m\u00b2\u00a0 en zone tendue,<\/li>\n<li>11 \u20ac\/m\u00b2 pour le reste du territoire<\/li>\n<\/ul>\n<p>Pour consulter les tarifications d&#8217;honoraires sur l&#8217;ensemble de nos logements : <a href=\"https:\/\/www.twenty-campus.com\/wp-content\/uploads\/2021\/11\/Montants-honos-par-lot-MAJ-du-20112021.pdf\">Montant honoraires par lot<\/a><\/p>\n<p><a href=\"https:\/\/www.twenty-campus.com\/wp-content\/uploads\/2023\/01\/LILLE-LA-RES.pdf\">Lille La r\u00e9sidence<\/a><\/p>\n<p><a href=\"https:\/\/www.twenty-campus.com\/wp-content\/uploads\/2023\/01\/LILLE-WICAR-.pdf\">Lille Wicar<\/a><\/p>\n<p><a href=\"https:\/\/www.twenty-campus.com\/wp-content\/uploads\/2023\/01\/LOOS-ILOT-.pdf\">Loos Ilot Nature<\/a><\/p>\n<p><a href=\"https:\/\/www.twenty-campus.com\/wp-content\/uploads\/2023\/01\/LOOS-ESTU-.pdf\">Loos Estudiantines<\/a><\/p>\n<p><a href=\"https:\/\/www.twenty-campus.com\/wp-content\/uploads\/2023\/01\/GRENOBLE-1.pdf\">Saint Martin d&#8217;H\u00e8res (Grenoble)<\/a><\/p>\n<p><a href=\"https:\/\/www.twenty-campus.com\/wp-content\/uploads\/2023\/01\/LE-MANS-PRESLE-1.pdf\">Le Mans Presle<\/a><\/p>\n<p><a href=\"https:\/\/www.twenty-campus.com\/wp-content\/uploads\/2023\/01\/LE-MANS-UNIV-1.pdf\">Le Mans Universit\u00e9<\/a><\/p>\n<p><a href=\"https:\/\/www.twenty-campus.com\/wp-content\/uploads\/2023\/01\/LE-HAVRE-1.pdf\">Le Havre<\/a><\/p>\n<p><a href=\"https:\/\/www.twenty-campus.com\/wp-content\/uploads\/2023\/01\/LE-BOURGET-1.pdf\">Le Bourget<\/a><\/p>\n<p><a href=\"https:\/\/www.twenty-campus.com\/wp-content\/uploads\/2023\/01\/PARIS.pdf\">Paris Canal de l&#8217;Ourcq<\/a><\/p>\n<p><a href=\"https:\/\/www.twenty-campus.com\/wp-content\/uploads\/2023\/01\/ASNIERES.pdf\">Asni\u00e8res sur Seine<\/a><\/p>\n<p><a href=\"https:\/\/www.twenty-campus.com\/wp-content\/uploads\/2023\/01\/CHATILLON.pdf\">Chatillon<\/a><\/p>\n<p><a href=\"https:\/\/www.twenty-campus.com\/wp-content\/uploads\/2023\/01\/MAISONS-ALFORT.pdf\">Maisons Alfort<\/a><\/p>\n<p><a href=\"https:\/\/www.twenty-campus.com\/wp-content\/uploads\/2023\/01\/IVRY-ST.pdf\">Ivry Stalingrad<\/a><\/p>\n<p><a href=\"https:\/\/www.twenty-campus.com\/wp-content\/uploads\/2023\/01\/IVRY-LE-MONDE-1.pdf\">Ivry Le Monde<\/a><\/p>\n<p><a href=\"https:\/\/www.twenty-campus.com\/wp-content\/uploads\/2023\/01\/MASSY-1.pdf\">Massy<\/a><\/p>\n<p><a href=\"https:\/\/www.twenty-campus.com\/wp-content\/uploads\/2023\/01\/MARSEILLE-PORTAIL-1.pdf\">Marseille Portail<\/a><\/p>\n<p><a href=\"https:\/\/www.twenty-campus.com\/wp-content\/uploads\/2023\/01\/MARSEILLE-TIMONE-1.pdf\">Marseille Timone<\/a><\/p>\n<p><a href=\"https:\/\/www.twenty-campus.com\/wp-content\/uploads\/2023\/01\/CROIX.pdf\">Croix EDHEC<\/a><\/p>\n<p><a href=\"https:\/\/www.twenty-campus.com\/wp-content\/uploads\/2023\/01\/ROUBAIX-1.pdf\">Roubaix<\/a><\/p>\n<p><a href=\"https:\/\/www.twenty-campus.com\/wp-content\/uploads\/2023\/01\/PALAISEAU-MIA.pdf\">Palaiseau M.I.A<\/a><\/p>\n<p><a href=\"https:\/\/www.twenty-campus.com\/wp-content\/uploads\/2023\/01\/PALAISEAU.pdf\">Palaiseau<\/a><\/p>\n<p><a href=\"https:\/\/www.twenty-campus.com\/wp-content\/uploads\/2023\/01\/JOUY.pdf\">Jouy en Josas<\/a><\/p>\n<p><a href=\"https:\/\/www.twenty-campus.com\/wp-content\/uploads\/2023\/01\/CACHAN.pdf\">Cachan &#8211; Jacques Restignat<\/a><\/p>\n<p><a href=\"https:\/\/www.twenty-campus.com\/wp-content\/uploads\/2023\/01\/NANTES-1.pdf\">Nantes<\/a><\/p>\n<p><a href=\"https:\/\/www.twenty-campus.com\/wp-content\/uploads\/2023\/01\/VILLEJUIF-PHV.pdf\">Villejuif Paris H\u00e9lo\u00efse<\/a><\/p>\n<p><a href=\"https:\/\/www.twenty-campus.com\/wp-content\/uploads\/2023\/01\/VILLEJUIF-GORKI.pdf\">Villejuif Gorki<\/a><\/p>\n<p><a href=\"https:\/\/www.twenty-campus.com\/wp-content\/uploads\/2023\/01\/VILLEJUIF-CROIZAT-.pdf\">Villejuif Croizat\u00a0<\/a><\/p>\n<p><a href=\"https:\/\/www.twenty-campus.com\/wp-content\/uploads\/2023\/01\/NIMES-1.pdf\">N\u00eemes<\/a><\/p>\n<p><a href=\"https:\/\/www.twenty-campus.com\/wp-content\/uploads\/2023\/01\/NICE-VALROSE-1.pdf\">Nice Valrose<\/a><\/p>\n<p><a href=\"https:\/\/www.twenty-campus.com\/wp-content\/uploads\/2023\/01\/NICE-ANGELY-1.pdf\">Nice Angely<\/a><\/p>\n<p><a href=\"https:\/\/www.twenty-campus.com\/wp-content\/uploads\/2023\/01\/ROUEN-1.pdf\">Mont Saint Aignan (Rouen)<\/a><\/p>\n<p><a href=\"https:\/\/www.twenty-campus.com\/wp-content\/uploads\/2023\/01\/CAEN-1.pdf\">H\u00e9rouville Saint Clair (Caen)<\/a><\/p>\n<p><a href=\"https:\/\/www.twenty-campus.com\/wp-content\/uploads\/2023\/01\/BORDEAUX.pdf\">Bordeaux<\/a><\/p>\n<p><a href=\"https:\/\/www.twenty-campus.com\/wp-content\/uploads\/2023\/01\/REIMS-2.pdf\">Reims<\/a><\/p>\n<p><a href=\"https:\/\/www.twenty-campus.com\/wp-content\/uploads\/2023\/01\/AMIENS-5.pdf\">Amiens<\/a><\/p>\n<p><a href=\"https:\/\/www.twenty-campus.com\/wp-content\/uploads\/2023\/01\/VDA-1.pdf\">Villeneuve d&#8217;Ascq<\/a><\/p>\n<p><a href=\"https:\/\/www.twenty-campus.com\/wp-content\/uploads\/2023\/01\/AUDUN-LE-TICHE-1.pdf\">Audun le Tiche<\/a><\/p>\n<p><a href=\"https:\/\/www.twenty-campus.com\/wp-content\/uploads\/2023\/01\/ORLEANS-1.pdf\">Orl\u00e9ans<\/a><\/p>\n<p><a href=\"https:\/\/www.twenty-campus.com\/wp-content\/uploads\/2023\/01\/LYON-1.pdf\">Lyon<\/a><\/p>\n<p><a href=\"https:\/\/www.twenty-campus.com\/wp-content\/uploads\/2023\/01\/GIF-.pdf\">Gif sur Yvette<\/a><\/p>\n<p><a href=\"https:\/\/www.twenty-campus.com\/wp-content\/uploads\/2023\/01\/SEVRAN-1.pdf\">Sevran<\/a><\/p>\n<p><a href=\"https:\/\/www.twenty-campus.com\/wp-content\/uploads\/2023\/01\/CERGY-BSR-.pdf\">Cergy Business School<\/a><\/p>\n<p><a href=\"https:\/\/www.twenty-campus.com\/wp-content\/uploads\/2023\/01\/CERGY-PREF.pdf\">Cergy Pr\u00e9fecture<\/a><\/p>\n<p><a href=\"https:\/\/www.twenty-campus.com\/wp-content\/uploads\/2023\/01\/EVRY-1.pdf\">Evry<\/a><\/p>\n<\/div>\n<\/section>\n","protected":false},"excerpt":{"rendered":"<p>TARIFICATIONS DE NOS LOGEMENTS : &nbsp; TARIFICATIONS D&#8217;HONORAIRES : Twenty Campus applique la l\u00e9gislation en vigueur quant aux honoraires de location pour les frais de dossier et l&#8217;\u00e9tat des lieux, respectant le prix au m\u00b2 selon la zone g\u00e9ographique dans laquelle est situ\u00e9e le bien en location. Honoraires de location (Loi Alur) :\u00a0 Zone tr\u00e8s [&hellip;]<\/p>\n","protected":false},"author":18,"featured_media":0,"parent":0,"menu_order":0,"comment_status":"closed","ping_status":"closed","template":"","meta":{"_acf_changed":false,"footnotes":""},"class_list":["post-4856","page","type-page","status-publish","hentry"],"acf":[],"yoast_head":"<!-- This site is optimized with the Yoast SEO plugin v26.9 - https:\/\/yoast.com\/product\/yoast-seo-wordpress\/ -->\n<title>Pricing - Twenty Campus<\/title>\n<meta name=\"description\" content=\"Find out about the pricing of the fees and rents for all our residences at Twenty Campus\" \/>\n<meta name=\"robots\" content=\"index, follow, max-snippet:-1, max-image-preview:large, max-video-preview:-1\" \/>\n<link rel=\"canonical\" href=\"https:\/\/tc-wordpress.itroom.fr\/en\/pricing\/\" \/>\n<meta property=\"og:locale\" content=\"en_US\" \/>\n<meta property=\"og:type\" content=\"article\" \/>\n<meta property=\"og:title\" content=\"Pricing - Twenty Campus\" \/>\n<meta property=\"og:description\" content=\"Find out about the pricing of the fees and rents for all our residences at Twenty Campus\" \/>\n<meta property=\"og:url\" content=\"https:\/\/tc-wordpress.itroom.fr\/en\/pricing\/\" \/>\n<meta property=\"og:site_name\" content=\"Twenty Campus\" \/>\n<meta property=\"article:modified_time\" content=\"2024-03-07T10:14:10+00:00\" \/>\n<meta name=\"twitter:card\" content=\"summary_large_image\" \/>\n<meta name=\"twitter:label1\" content=\"Est. reading time\" \/>\n\t<meta name=\"twitter:data1\" content=\"2 minutes\" \/>\n<script type=\"application\/ld+json\" class=\"yoast-schema-graph\">{\"@context\":\"https:\/\/schema.org\",\"@graph\":[{\"@type\":\"WebPage\",\"@id\":\"https:\/\/tc-wordpress.itroom.fr\/en\/pricing\/\",\"url\":\"https:\/\/tc-wordpress.itroom.fr\/en\/pricing\/\",\"name\":\"Pricing - Twenty Campus\",\"isPartOf\":{\"@id\":\"https:\/\/tc-wordpress.itroom.fr\/en\/#website\"},\"datePublished\":\"2021-05-04T06:55:53+00:00\",\"dateModified\":\"2024-03-07T10:14:10+00:00\",\"description\":\"Find out about the pricing of the fees and rents for all our residences at Twenty Campus\",\"breadcrumb\":{\"@id\":\"https:\/\/tc-wordpress.itroom.fr\/en\/pricing\/#breadcrumb\"},\"inLanguage\":\"en-US\",\"potentialAction\":[{\"@type\":\"ReadAction\",\"target\":[\"https:\/\/tc-wordpress.itroom.fr\/en\/pricing\/\"]}]},{\"@type\":\"BreadcrumbList\",\"@id\":\"https:\/\/tc-wordpress.itroom.fr\/en\/pricing\/#breadcrumb\",\"itemListElement\":[{\"@type\":\"ListItem\",\"position\":1,\"name\":\"Home\",\"item\":\"https:\/\/tc-wordpress.itroom.fr\/en\/\"},{\"@type\":\"ListItem\",\"position\":2,\"name\":\"Tarifications\"}]},{\"@type\":\"WebSite\",\"@id\":\"https:\/\/tc-wordpress.itroom.fr\/en\/#website\",\"url\":\"https:\/\/tc-wordpress.itroom.fr\/en\/\",\"name\":\"Twenty Campus\",\"description\":\"\",\"potentialAction\":[{\"@type\":\"SearchAction\",\"target\":{\"@type\":\"EntryPoint\",\"urlTemplate\":\"https:\/\/tc-wordpress.itroom.fr\/en\/?s={search_term_string}\"},\"query-input\":{\"@type\":\"PropertyValueSpecification\",\"valueRequired\":true,\"valueName\":\"search_term_string\"}}],\"inLanguage\":\"en-US\"}]}<\/script>\n<!-- \/ Yoast SEO plugin. -->","yoast_head_json":{"title":"Pricing - Twenty Campus","description":"Find out about the pricing of the fees and rents for all our residences at Twenty Campus","robots":{"index":"index","follow":"follow","max-snippet":"max-snippet:-1","max-image-preview":"max-image-preview:large","max-video-preview":"max-video-preview:-1"},"canonical":"https:\/\/tc-wordpress.itroom.fr\/en\/pricing\/","og_locale":"en_US","og_type":"article","og_title":"Pricing - Twenty Campus","og_description":"Find out about the pricing of the fees and rents for all our residences at Twenty Campus","og_url":"https:\/\/tc-wordpress.itroom.fr\/en\/pricing\/","og_site_name":"Twenty Campus","article_modified_time":"2024-03-07T10:14:10+00:00","twitter_card":"summary_large_image","twitter_misc":{"Est. reading time":"2 minutes"},"schema":{"@context":"https:\/\/schema.org","@graph":[{"@type":"WebPage","@id":"https:\/\/tc-wordpress.itroom.fr\/en\/pricing\/","url":"https:\/\/tc-wordpress.itroom.fr\/en\/pricing\/","name":"Pricing - Twenty Campus","isPartOf":{"@id":"https:\/\/tc-wordpress.itroom.fr\/en\/#website"},"datePublished":"2021-05-04T06:55:53+00:00","dateModified":"2024-03-07T10:14:10+00:00","description":"Find out about the pricing of the fees and rents for all our residences at Twenty Campus","breadcrumb":{"@id":"https:\/\/tc-wordpress.itroom.fr\/en\/pricing\/#breadcrumb"},"inLanguage":"en-US","potentialAction":[{"@type":"ReadAction","target":["https:\/\/tc-wordpress.itroom.fr\/en\/pricing\/"]}]},{"@type":"BreadcrumbList","@id":"https:\/\/tc-wordpress.itroom.fr\/en\/pricing\/#breadcrumb","itemListElement":[{"@type":"ListItem","position":1,"name":"Home","item":"https:\/\/tc-wordpress.itroom.fr\/en\/"},{"@type":"ListItem","position":2,"name":"Tarifications"}]},{"@type":"WebSite","@id":"https:\/\/tc-wordpress.itroom.fr\/en\/#website","url":"https:\/\/tc-wordpress.itroom.fr\/en\/","name":"Twenty Campus","description":"","potentialAction":[{"@type":"SearchAction","target":{"@type":"EntryPoint","urlTemplate":"https:\/\/tc-wordpress.itroom.fr\/en\/?s={search_term_string}"},"query-input":{"@type":"PropertyValueSpecification","valueRequired":true,"valueName":"search_term_string"}}],"inLanguage":"en-US"}]}},"_links":{"self":[{"href":"https:\/\/tc-wordpress.itroom.fr\/en\/wp-json\/wp\/v2\/pages\/4856","targetHints":{"allow":["GET"]}}],"collection":[{"href":"https:\/\/tc-wordpress.itroom.fr\/en\/wp-json\/wp\/v2\/pages"}],"about":[{"href":"https:\/\/tc-wordpress.itroom.fr\/en\/wp-json\/wp\/v2\/types\/page"}],"author":[{"embeddable":true,"href":"https:\/\/tc-wordpress.itroom.fr\/en\/wp-json\/wp\/v2\/users\/18"}],"replies":[{"embeddable":true,"href":"https:\/\/tc-wordpress.itroom.fr\/en\/wp-json\/wp\/v2\/comments?post=4856"}],"version-history":[{"count":5,"href":"https:\/\/tc-wordpress.itroom.fr\/en\/wp-json\/wp\/v2\/pages\/4856\/revisions"}],"predecessor-version":[{"id":2092222,"href":"https:\/\/tc-wordpress.itroom.fr\/en\/wp-json\/wp\/v2\/pages\/4856\/revisions\/2092222"}],"wp:attachment":[{"href":"https:\/\/tc-wordpress.itroom.fr\/en\/wp-json\/wp\/v2\/media?parent=4856"}],"curies":[{"name":"wp","href":"https:\/\/api.w.org\/{rel}","templated":true}]}}