{"id":3299954,"date":"2025-06-03T10:43:20","date_gmt":"2025-06-03T08:43:20","guid":{"rendered":"https:\/\/www.twenty-campus.com\/?page_id=3299954"},"modified":"2025-06-03T14:07:47","modified_gmt":"2025-06-03T12:07:47","slug":"twenty-campus-dans-ta-region","status":"publish","type":"page","link":"https:\/\/tc-wordpress.itroom.fr\/fr\/twenty-campus-dans-ta-region\/","title":{"rendered":"Twenty Campus dans ta r\u00e9gion"},"content":{"rendered":"<p>Tu cherches une <strong>r\u00e9sidence \u00e9tudiante confortable, meubl\u00e9e et bien situ\u00e9e<\/strong> ? Twenty Campus te propose des logements \u00e9tudiants dans toute la France, aussi bien dans les plus grandes villes universitaires comme Paris, Lyon, Lille, Toulouse ou encore Marseille, que dans de nombreuses autres villes \u00e9tudiantes attractives.<\/p>\n<p>D\u00e9couvre ci-dessous <strong>toutes nos r\u00e9sidences \u00e9tudiantes par r\u00e9gion<\/strong> et acc\u00e8de directement aux pages ville pour r\u00e9server ton logement \u00e9tudiant meubl\u00e9. Chaque r\u00e9sidence propose des services pens\u00e9s pour la vie \u00e9tudiante : WiFi haut d\u00e9bit, laverie, salle de sport, espaces communs, et plus encore.<\/p>\n<h4><a href=\"https:\/\/www.twenty-campus.com\/fr\/regions\/auvergne-rhone-alpes\/\">Auvergne-Rh\u00f4ne-Alpes<\/a><\/h4>\n<ul>\n<li><a href=\"https:\/\/www.twenty-campus.com\/fr\/villes\/lyon\/\">Lyon<\/a><\/li>\n<li><a href=\"https:\/\/www.twenty-campus.com\/fr\/villes\/grenoble\/\">Saint-Martin-d&#8217;H\u00e8res<\/a> (Grenoble)<\/li>\n<li><a href=\"https:\/\/www.twenty-campus.com\/fr\/villes\/saint-etienne\/\">Saint-\u00c9tienne<\/a><\/li>\n<\/ul>\n<h4><a href=\"https:\/\/www.twenty-campus.com\/fr\/regions\/centre-val-de-loire\/\">Centre-Val-de-Loire<\/a><\/h4>\n<ul>\n<li><a href=\"https:\/\/www.twenty-campus.com\/fr\/villes\/orleans\/\">Orl\u00e9ans<\/a><\/li>\n<\/ul>\n<h4><a href=\"https:\/\/www.twenty-campus.com\/fr\/regions\/grand-est\/\">Grand-Est<\/a><\/h4>\n<ul>\n<li><a href=\"https:\/\/www.twenty-campus.com\/fr\/villes\/audun-le-tiche\/\">Audun-le-Tiche<\/a><\/li>\n<li><a href=\"https:\/\/www.twenty-campus.com\/fr\/villes\/reims\/\">Reims<\/a><\/li>\n<li><a href=\"https:\/\/www.twenty-campus.com\/fr\/villes\/strasbourg\/\">Strasbourg<\/a><\/li>\n<\/ul>\n<h4><a href=\"https:\/\/www.twenty-campus.com\/fr\/regions\/hauts-de-france\/\">Hauts-de-France<\/a><\/h4>\n<ul>\n<li><a href=\"https:\/\/www.twenty-campus.com\/fr\/villes\/amiens\/\">Amiens<\/a><\/li>\n<li><a href=\"https:\/\/www.twenty-campus.com\/fr\/villes\/croix\/\">Croix<\/a><\/li>\n<li><a href=\"https:\/\/www.twenty-campus.com\/fr\/villes\/lille\/\">Lille<\/a><\/li>\n<li><a href=\"https:\/\/www.twenty-campus.com\/fr\/villes\/loos\/\">Loos<\/a><\/li>\n<li><a href=\"https:\/\/www.twenty-campus.com\/fr\/villes\/roubaix\/\">Roubaix<\/a><\/li>\n<li><a href=\"https:\/\/www.twenty-campus.com\/fr\/villes\/villeneuve-dascq\/\">Villeneuve-d&#8217;Ascq<\/a><\/li>\n<\/ul>\n<h4><a href=\"https:\/\/www.twenty-campus.com\/fr\/regions\/ile-de-france\/\">\u00cele-de-France<\/a><\/h4>\n<ul>\n<li><a href=\"https:\/\/www.twenty-campus.com\/fr\/villes\/asnieres-sur-seine\/\">Asni\u00e8res-sur-Seine<\/a><\/li>\n<li><a href=\"https:\/\/www.twenty-campus.com\/fr\/villes\/cachan\/\">Cachan<\/a><\/li>\n<li><a href=\"https:\/\/www.twenty-campus.com\/fr\/villes\/cergy\/\">Cergy<\/a><\/li>\n<li><a href=\"https:\/\/www.twenty-campus.com\/fr\/villes\/chatillon\/\">Ch\u00e2tillon<\/a><\/li>\n<li><a href=\"https:\/\/www.twenty-campus.com\/fr\/villes\/evry\/\">\u00c9vry-Courcouronnes<\/a><\/li>\n<li><a href=\"https:\/\/www.twenty-campus.com\/fr\/villes\/gif-sur-yvette\/\">Gif-sur-Yvette<\/a><\/li>\n<li><a href=\"https:\/\/www.twenty-campus.com\/fr\/villes\/ivry-sur-seine\/\">Ivry-sur-Seine<\/a><\/li>\n<li><a href=\"https:\/\/www.twenty-campus.com\/fr\/villes\/jouy-en-josas\/\">Jouy-en-Josas<\/a><\/li>\n<li><a href=\"https:\/\/www.twenty-campus.com\/fr\/villes\/le-bourget\/\">Le Bourget<\/a><\/li>\n<li><a href=\"https:\/\/www.twenty-campus.com\/fr\/villes\/maisons-alfort\/\">Maisons-Alfort<\/a><\/li>\n<li><a href=\"https:\/\/www.twenty-campus.com\/fr\/villes\/massy\/\">Massy<\/a><\/li>\n<li><a href=\"https:\/\/www.twenty-campus.com\/fr\/villes\/nanterre\/\">Nanterre<\/a><\/li>\n<li><a href=\"https:\/\/www.twenty-campus.com\/fr\/villes\/noisy-le-sec\/\">Noisy-le-Sec<\/a><\/li>\n<li><a href=\"https:\/\/www.twenty-campus.com\/fr\/villes\/palaiseau\/\">Palaiseau<\/a><\/li>\n<li>Pantin<\/li>\n<li><a href=\"https:\/\/www.twenty-campus.com\/fr\/villes\/paris\/\">Paris<\/a><\/li>\n<li><a href=\"https:\/\/www.twenty-campus.com\/fr\/villes\/saint-ouen-sur-seine\/\">Saint-Ouen-sur-Seine<\/a><\/li>\n<li><a href=\"https:\/\/www.twenty-campus.com\/fr\/villes\/sevran\/\">Sevran<\/a><\/li>\n<li><a href=\"https:\/\/www.twenty-campus.com\/fr\/villes\/villejuif\/\">Villejuif<\/a><\/li>\n<\/ul>\n<h4><a href=\"https:\/\/www.twenty-campus.com\/fr\/regions\/normandie\/\">Normandie<\/a><\/h4>\n<ul>\n<li><a href=\"https:\/\/www.twenty-campus.com\/fr\/villes\/caen\/\">Caen<\/a> (H\u00e9rouville-Saint-Clair)<\/li>\n<li><a href=\"https:\/\/www.twenty-campus.com\/fr\/villes\/le-havre\/\">Le Havre<\/a><\/li>\n<li><a href=\"https:\/\/www.twenty-campus.com\/fr\/villes\/rouen\/\">Rouen<\/a> (Mont-Saint-Aignan)<\/li>\n<\/ul>\n<h4><a href=\"https:\/\/www.twenty-campus.com\/fr\/regions\/nouvelle-aquitaine\/\">Nouvelle-Aquitaine<\/a><\/h4>\n<ul>\n<li><a href=\"https:\/\/www.twenty-campus.com\/fr\/villes\/bordeaux\/\">Bordeaux<\/a><\/li>\n<\/ul>\n<h4><a href=\"https:\/\/www.twenty-campus.com\/fr\/regions\/occitanie\/\">Occitanie<\/a><\/h4>\n<ul>\n<li><a href=\"https:\/\/www.twenty-campus.com\/fr\/villes\/beziers\/\">B\u00e9ziers<\/a><\/li>\n<li><a href=\"https:\/\/www.twenty-campus.com\/fr\/villes\/nimes\/\">N\u00eemes<\/a><\/li>\n<li><a href=\"https:\/\/www.twenty-campus.com\/fr\/villes\/toulouse\/\">Toulouse<\/a><\/li>\n<\/ul>\n<h4><a href=\"https:\/\/www.twenty-campus.com\/fr\/regions\/pays-de-la-loire\/\">Pays-de-la-Loire<\/a><\/h4>\n<ul>\n<li><a href=\"https:\/\/www.twenty-campus.com\/fr\/villes\/le-mans\/\">Le Mans<\/a><\/li>\n<li><a href=\"https:\/\/www.twenty-campus.com\/fr\/villes\/nantes\/\">Nantes<\/a><\/li>\n<\/ul>\n<h4><a href=\"https:\/\/www.twenty-campus.com\/fr\/regions\/paca\/\">Provence-Alpes-C\u00f4te-d&#8217;Azur<\/a><\/h4>\n<ul>\n<li><a href=\"https:\/\/www.twenty-campus.com\/fr\/villes\/aix-en-provence\/\">Aix-en-Provence<\/a><\/li>\n<li><a href=\"https:\/\/www.twenty-campus.com\/fr\/villes\/marseille\/\">Marseille<\/a><\/li>\n<li><a href=\"https:\/\/www.twenty-campus.com\/fr\/villes\/nice\/\">Nice<\/a><\/li>\n<\/ul>\n<p>&nbsp;<\/p>\n","protected":false},"excerpt":{"rendered":"<p>Tu cherches une r\u00e9sidence \u00e9tudiante confortable, meubl\u00e9e et bien situ\u00e9e ? Twenty Campus te propose des logements \u00e9tudiants dans toute la France, aussi bien dans les plus grandes villes universitaires comme Paris, Lyon, Lille, Toulouse ou encore Marseille, que dans de nombreuses autres villes \u00e9tudiantes attractives. D\u00e9couvre ci-dessous toutes nos r\u00e9sidences \u00e9tudiantes par r\u00e9gion et [&hellip;]<\/p>\n","protected":false},"author":27,"featured_media":0,"parent":0,"menu_order":0,"comment_status":"closed","ping_status":"closed","template":"","meta":{"_acf_changed":false,"footnotes":""},"class_list":["post-3299954","page","type-page","status-publish","hentry"],"acf":[],"yoast_head":"<!-- This site is optimized with the Yoast SEO plugin v26.9 - https:\/\/yoast.com\/product\/yoast-seo-wordpress\/ -->\n<title>Trouver une r\u00e9sidence \u00e9tudiante dans ta r\u00e9gion | Twenty Campus<\/title>\n<meta name=\"description\" content=\"D\u00e9couvre nos logements \u00e9tudiants disponibles dans chaque r\u00e9gion. R\u00e9sidences avec services, WiFi, s\u00e9curit\u00e9 et confort, partout en France !\" \/>\n<meta name=\"robots\" content=\"index, follow, max-snippet:-1, max-image-preview:large, max-video-preview:-1\" \/>\n<link rel=\"canonical\" href=\"https:\/\/tc-wordpress.itroom.fr\/fr\/twenty-campus-dans-ta-region\/\" \/>\n<meta property=\"og:locale\" content=\"fr_FR\" \/>\n<meta property=\"og:type\" content=\"article\" \/>\n<meta property=\"og:title\" content=\"Trouver une r\u00e9sidence \u00e9tudiante dans ta r\u00e9gion | Twenty Campus\" \/>\n<meta property=\"og:description\" content=\"D\u00e9couvre nos logements \u00e9tudiants disponibles dans chaque r\u00e9gion. R\u00e9sidences avec services, WiFi, s\u00e9curit\u00e9 et confort, partout en France !\" \/>\n<meta property=\"og:url\" content=\"https:\/\/tc-wordpress.itroom.fr\/fr\/twenty-campus-dans-ta-region\/\" \/>\n<meta property=\"og:site_name\" content=\"Twenty Campus\" \/>\n<meta property=\"article:modified_time\" content=\"2025-06-03T12:07:47+00:00\" \/>\n<meta name=\"twitter:card\" content=\"summary_large_image\" \/>\n<meta name=\"twitter:label1\" content=\"Dur\u00e9e de lecture estim\u00e9e\" \/>\n\t<meta name=\"twitter:data1\" content=\"1 minute\" \/>\n<script type=\"application\/ld+json\" class=\"yoast-schema-graph\">{\"@context\":\"https:\/\/schema.org\",\"@graph\":[{\"@type\":\"WebPage\",\"@id\":\"https:\/\/tc-wordpress.itroom.fr\/fr\/twenty-campus-dans-ta-region\/\",\"url\":\"https:\/\/tc-wordpress.itroom.fr\/fr\/twenty-campus-dans-ta-region\/\",\"name\":\"Trouver une r\u00e9sidence \u00e9tudiante dans ta r\u00e9gion | Twenty Campus\",\"isPartOf\":{\"@id\":\"https:\/\/tc-wordpress.itroom.fr\/fr\/#website\"},\"datePublished\":\"2025-06-03T08:43:20+00:00\",\"dateModified\":\"2025-06-03T12:07:47+00:00\",\"description\":\"D\u00e9couvre nos logements \u00e9tudiants disponibles dans chaque r\u00e9gion. R\u00e9sidences avec services, WiFi, s\u00e9curit\u00e9 et confort, partout en France !\",\"breadcrumb\":{\"@id\":\"https:\/\/tc-wordpress.itroom.fr\/fr\/twenty-campus-dans-ta-region\/#breadcrumb\"},\"inLanguage\":\"fr-FR\",\"potentialAction\":[{\"@type\":\"ReadAction\",\"target\":[\"https:\/\/tc-wordpress.itroom.fr\/fr\/twenty-campus-dans-ta-region\/\"]}]},{\"@type\":\"BreadcrumbList\",\"@id\":\"https:\/\/tc-wordpress.itroom.fr\/fr\/twenty-campus-dans-ta-region\/#breadcrumb\",\"itemListElement\":[{\"@type\":\"ListItem\",\"position\":1,\"name\":\"Accueil\",\"item\":\"https:\/\/tc-wordpress.itroom.fr\/fr\/\"},{\"@type\":\"ListItem\",\"position\":2,\"name\":\"Twenty Campus dans ta r\u00e9gion\"}]},{\"@type\":\"WebSite\",\"@id\":\"https:\/\/tc-wordpress.itroom.fr\/fr\/#website\",\"url\":\"https:\/\/tc-wordpress.itroom.fr\/fr\/\",\"name\":\"Twenty Campus\",\"description\":\"\",\"potentialAction\":[{\"@type\":\"SearchAction\",\"target\":{\"@type\":\"EntryPoint\",\"urlTemplate\":\"https:\/\/tc-wordpress.itroom.fr\/fr\/?s={search_term_string}\"},\"query-input\":{\"@type\":\"PropertyValueSpecification\",\"valueRequired\":true,\"valueName\":\"search_term_string\"}}],\"inLanguage\":\"fr-FR\"}]}<\/script>\n<!-- \/ Yoast SEO plugin. -->","yoast_head_json":{"title":"Trouver une r\u00e9sidence \u00e9tudiante dans ta r\u00e9gion | Twenty Campus","description":"D\u00e9couvre nos logements \u00e9tudiants disponibles dans chaque r\u00e9gion. R\u00e9sidences avec services, WiFi, s\u00e9curit\u00e9 et confort, partout en France !","robots":{"index":"index","follow":"follow","max-snippet":"max-snippet:-1","max-image-preview":"max-image-preview:large","max-video-preview":"max-video-preview:-1"},"canonical":"https:\/\/tc-wordpress.itroom.fr\/fr\/twenty-campus-dans-ta-region\/","og_locale":"fr_FR","og_type":"article","og_title":"Trouver une r\u00e9sidence \u00e9tudiante dans ta r\u00e9gion | Twenty Campus","og_description":"D\u00e9couvre nos logements \u00e9tudiants disponibles dans chaque r\u00e9gion. R\u00e9sidences avec services, WiFi, s\u00e9curit\u00e9 et confort, partout en France !","og_url":"https:\/\/tc-wordpress.itroom.fr\/fr\/twenty-campus-dans-ta-region\/","og_site_name":"Twenty Campus","article_modified_time":"2025-06-03T12:07:47+00:00","twitter_card":"summary_large_image","twitter_misc":{"Dur\u00e9e de lecture estim\u00e9e":"1 minute"},"schema":{"@context":"https:\/\/schema.org","@graph":[{"@type":"WebPage","@id":"https:\/\/tc-wordpress.itroom.fr\/fr\/twenty-campus-dans-ta-region\/","url":"https:\/\/tc-wordpress.itroom.fr\/fr\/twenty-campus-dans-ta-region\/","name":"Trouver une r\u00e9sidence \u00e9tudiante dans ta r\u00e9gion | Twenty Campus","isPartOf":{"@id":"https:\/\/tc-wordpress.itroom.fr\/fr\/#website"},"datePublished":"2025-06-03T08:43:20+00:00","dateModified":"2025-06-03T12:07:47+00:00","description":"D\u00e9couvre nos logements \u00e9tudiants disponibles dans chaque r\u00e9gion. R\u00e9sidences avec services, WiFi, s\u00e9curit\u00e9 et confort, partout en France !","breadcrumb":{"@id":"https:\/\/tc-wordpress.itroom.fr\/fr\/twenty-campus-dans-ta-region\/#breadcrumb"},"inLanguage":"fr-FR","potentialAction":[{"@type":"ReadAction","target":["https:\/\/tc-wordpress.itroom.fr\/fr\/twenty-campus-dans-ta-region\/"]}]},{"@type":"BreadcrumbList","@id":"https:\/\/tc-wordpress.itroom.fr\/fr\/twenty-campus-dans-ta-region\/#breadcrumb","itemListElement":[{"@type":"ListItem","position":1,"name":"Accueil","item":"https:\/\/tc-wordpress.itroom.fr\/fr\/"},{"@type":"ListItem","position":2,"name":"Twenty Campus dans ta r\u00e9gion"}]},{"@type":"WebSite","@id":"https:\/\/tc-wordpress.itroom.fr\/fr\/#website","url":"https:\/\/tc-wordpress.itroom.fr\/fr\/","name":"Twenty Campus","description":"","potentialAction":[{"@type":"SearchAction","target":{"@type":"EntryPoint","urlTemplate":"https:\/\/tc-wordpress.itroom.fr\/fr\/?s={search_term_string}"},"query-input":{"@type":"PropertyValueSpecification","valueRequired":true,"valueName":"search_term_string"}}],"inLanguage":"fr-FR"}]}},"_links":{"self":[{"href":"https:\/\/tc-wordpress.itroom.fr\/fr\/wp-json\/wp\/v2\/pages\/3299954","targetHints":{"allow":["GET"]}}],"collection":[{"href":"https:\/\/tc-wordpress.itroom.fr\/fr\/wp-json\/wp\/v2\/pages"}],"about":[{"href":"https:\/\/tc-wordpress.itroom.fr\/fr\/wp-json\/wp\/v2\/types\/page"}],"author":[{"embeddable":true,"href":"https:\/\/tc-wordpress.itroom.fr\/fr\/wp-json\/wp\/v2\/users\/27"}],"replies":[{"embeddable":true,"href":"https:\/\/tc-wordpress.itroom.fr\/fr\/wp-json\/wp\/v2\/comments?post=3299954"}],"version-history":[{"count":13,"href":"https:\/\/tc-wordpress.itroom.fr\/fr\/wp-json\/wp\/v2\/pages\/3299954\/revisions"}],"predecessor-version":[{"id":3300087,"href":"https:\/\/tc-wordpress.itroom.fr\/fr\/wp-json\/wp\/v2\/pages\/3299954\/revisions\/3300087"}],"wp:attachment":[{"href":"https:\/\/tc-wordpress.itroom.fr\/fr\/wp-json\/wp\/v2\/media?parent=3299954"}],"curies":[{"name":"wp","href":"https:\/\/api.w.org\/{rel}","templated":true}]}}