{"id":446,"date":"2020-11-05T15:13:35","date_gmt":"2020-11-05T14:13:35","guid":{"rendered":"https:\/\/www.twenty-campus.com\/?page_id=446"},"modified":"2025-04-11T11:52:34","modified_gmt":"2025-04-11T09:52:34","slug":"contactez-nous","status":"publish","type":"page","link":"https:\/\/tc-wordpress.itroom.fr\/fr\/contactez-nous\/","title":{"rendered":"Contactez-nous"},"content":{"rendered":"","protected":false},"excerpt":{"rendered":"","protected":false},"author":18,"featured_media":0,"parent":0,"menu_order":0,"comment_status":"closed","ping_status":"closed","template":"page-contactez-nous.php","meta":{"_acf_changed":false,"footnotes":""},"class_list":["post-446","page","type-page","status-publish","hentry"],"acf":[],"yoast_head":"<!-- This site is optimized with the Yoast SEO plugin v26.9 - https:\/\/yoast.com\/product\/yoast-seo-wordpress\/ -->\n<title>Contactez-nous - Twenty Campus<\/title>\n<meta name=\"description\" content=\"Du Lundi au Vendredi, 9h-12h \/ 14h-18h, contactez-nous au 03 20 12 25 89, notre \u00e9quipe commerciale r\u00e9pondra \u00e0 toutes vos questions !\" \/>\n<meta name=\"robots\" content=\"index, follow, max-snippet:-1, max-image-preview:large, max-video-preview:-1\" \/>\n<link rel=\"canonical\" href=\"https:\/\/tc-wordpress.itroom.fr\/fr\/contactez-nous\/\" \/>\n<meta property=\"og:locale\" content=\"fr_FR\" \/>\n<meta property=\"og:type\" content=\"article\" \/>\n<meta property=\"og:title\" content=\"Contactez-nous - Twenty Campus\" \/>\n<meta property=\"og:description\" content=\"Du Lundi au Vendredi, 9h-12h \/ 14h-18h, contactez-nous au 03 20 12 25 89, notre \u00e9quipe commerciale r\u00e9pondra \u00e0 toutes vos questions !\" \/>\n<meta property=\"og:url\" content=\"https:\/\/tc-wordpress.itroom.fr\/fr\/contactez-nous\/\" \/>\n<meta property=\"og:site_name\" content=\"Twenty Campus\" \/>\n<meta property=\"article:modified_time\" content=\"2025-04-11T09:52:34+00:00\" \/>\n<meta name=\"twitter:card\" content=\"summary_large_image\" \/>\n<script type=\"application\/ld+json\" class=\"yoast-schema-graph\">{\"@context\":\"https:\/\/schema.org\",\"@graph\":[{\"@type\":\"WebPage\",\"@id\":\"https:\/\/tc-wordpress.itroom.fr\/fr\/contactez-nous\/\",\"url\":\"https:\/\/tc-wordpress.itroom.fr\/fr\/contactez-nous\/\",\"name\":\"Contactez-nous - Twenty Campus\",\"isPartOf\":{\"@id\":\"https:\/\/tc-wordpress.itroom.fr\/fr\/#website\"},\"datePublished\":\"2020-11-05T14:13:35+00:00\",\"dateModified\":\"2025-04-11T09:52:34+00:00\",\"description\":\"Du Lundi au Vendredi, 9h-12h \/ 14h-18h, contactez-nous au 03 20 12 25 89, notre \u00e9quipe commerciale r\u00e9pondra \u00e0 toutes vos questions !\",\"breadcrumb\":{\"@id\":\"https:\/\/tc-wordpress.itroom.fr\/fr\/contactez-nous\/#breadcrumb\"},\"inLanguage\":\"fr-FR\",\"potentialAction\":[{\"@type\":\"ReadAction\",\"target\":[\"https:\/\/tc-wordpress.itroom.fr\/fr\/contactez-nous\/\"]}]},{\"@type\":\"BreadcrumbList\",\"@id\":\"https:\/\/tc-wordpress.itroom.fr\/fr\/contactez-nous\/#breadcrumb\",\"itemListElement\":[{\"@type\":\"ListItem\",\"position\":1,\"name\":\"Accueil\",\"item\":\"https:\/\/tc-wordpress.itroom.fr\/fr\/\"},{\"@type\":\"ListItem\",\"position\":2,\"name\":\"Contactez-nous\"}]},{\"@type\":\"WebSite\",\"@id\":\"https:\/\/tc-wordpress.itroom.fr\/fr\/#website\",\"url\":\"https:\/\/tc-wordpress.itroom.fr\/fr\/\",\"name\":\"Twenty Campus\",\"description\":\"\",\"potentialAction\":[{\"@type\":\"SearchAction\",\"target\":{\"@type\":\"EntryPoint\",\"urlTemplate\":\"https:\/\/tc-wordpress.itroom.fr\/fr\/?s={search_term_string}\"},\"query-input\":{\"@type\":\"PropertyValueSpecification\",\"valueRequired\":true,\"valueName\":\"search_term_string\"}}],\"inLanguage\":\"fr-FR\"}]}<\/script>\n<!-- \/ Yoast SEO plugin. -->","yoast_head_json":{"title":"Contactez-nous - Twenty Campus","description":"Du Lundi au Vendredi, 9h-12h \/ 14h-18h, contactez-nous au 03 20 12 25 89, notre \u00e9quipe commerciale r\u00e9pondra \u00e0 toutes vos questions !","robots":{"index":"index","follow":"follow","max-snippet":"max-snippet:-1","max-image-preview":"max-image-preview:large","max-video-preview":"max-video-preview:-1"},"canonical":"https:\/\/tc-wordpress.itroom.fr\/fr\/contactez-nous\/","og_locale":"fr_FR","og_type":"article","og_title":"Contactez-nous - Twenty Campus","og_description":"Du Lundi au Vendredi, 9h-12h \/ 14h-18h, contactez-nous au 03 20 12 25 89, notre \u00e9quipe commerciale r\u00e9pondra \u00e0 toutes vos questions !","og_url":"https:\/\/tc-wordpress.itroom.fr\/fr\/contactez-nous\/","og_site_name":"Twenty Campus","article_modified_time":"2025-04-11T09:52:34+00:00","twitter_card":"summary_large_image","schema":{"@context":"https:\/\/schema.org","@graph":[{"@type":"WebPage","@id":"https:\/\/tc-wordpress.itroom.fr\/fr\/contactez-nous\/","url":"https:\/\/tc-wordpress.itroom.fr\/fr\/contactez-nous\/","name":"Contactez-nous - Twenty Campus","isPartOf":{"@id":"https:\/\/tc-wordpress.itroom.fr\/fr\/#website"},"datePublished":"2020-11-05T14:13:35+00:00","dateModified":"2025-04-11T09:52:34+00:00","description":"Du Lundi au Vendredi, 9h-12h \/ 14h-18h, contactez-nous au 03 20 12 25 89, notre \u00e9quipe commerciale r\u00e9pondra \u00e0 toutes vos questions !","breadcrumb":{"@id":"https:\/\/tc-wordpress.itroom.fr\/fr\/contactez-nous\/#breadcrumb"},"inLanguage":"fr-FR","potentialAction":[{"@type":"ReadAction","target":["https:\/\/tc-wordpress.itroom.fr\/fr\/contactez-nous\/"]}]},{"@type":"BreadcrumbList","@id":"https:\/\/tc-wordpress.itroom.fr\/fr\/contactez-nous\/#breadcrumb","itemListElement":[{"@type":"ListItem","position":1,"name":"Accueil","item":"https:\/\/tc-wordpress.itroom.fr\/fr\/"},{"@type":"ListItem","position":2,"name":"Contactez-nous"}]},{"@type":"WebSite","@id":"https:\/\/tc-wordpress.itroom.fr\/fr\/#website","url":"https:\/\/tc-wordpress.itroom.fr\/fr\/","name":"Twenty Campus","description":"","potentialAction":[{"@type":"SearchAction","target":{"@type":"EntryPoint","urlTemplate":"https:\/\/tc-wordpress.itroom.fr\/fr\/?s={search_term_string}"},"query-input":{"@type":"PropertyValueSpecification","valueRequired":true,"valueName":"search_term_string"}}],"inLanguage":"fr-FR"}]}},"_links":{"self":[{"href":"https:\/\/tc-wordpress.itroom.fr\/fr\/wp-json\/wp\/v2\/pages\/446","targetHints":{"allow":["GET"]}}],"collection":[{"href":"https:\/\/tc-wordpress.itroom.fr\/fr\/wp-json\/wp\/v2\/pages"}],"about":[{"href":"https:\/\/tc-wordpress.itroom.fr\/fr\/wp-json\/wp\/v2\/types\/page"}],"author":[{"embeddable":true,"href":"https:\/\/tc-wordpress.itroom.fr\/fr\/wp-json\/wp\/v2\/users\/18"}],"replies":[{"embeddable":true,"href":"https:\/\/tc-wordpress.itroom.fr\/fr\/wp-json\/wp\/v2\/comments?post=446"}],"version-history":[{"count":19,"href":"https:\/\/tc-wordpress.itroom.fr\/fr\/wp-json\/wp\/v2\/pages\/446\/revisions"}],"predecessor-version":[{"id":3172010,"href":"https:\/\/tc-wordpress.itroom.fr\/fr\/wp-json\/wp\/v2\/pages\/446\/revisions\/3172010"}],"wp:attachment":[{"href":"https:\/\/tc-wordpress.itroom.fr\/fr\/wp-json\/wp\/v2\/media?parent=446"}],"curies":[{"name":"wp","href":"https:\/\/api.w.org\/{rel}","templated":true}]}}